{"id":52,"date":"2021-02-02T06:47:44","date_gmt":"2021-02-02T06:47:44","guid":{"rendered":"https:\/\/asoaliar.com\/?page_id=52"},"modified":"2025-07-21T07:38:53","modified_gmt":"2025-07-21T12:38:53","slug":"convenios","status":"publish","type":"page","link":"https:\/\/asoaliar.com\/index.php\/convenios\/","title":{"rendered":"Convenios"},"content":{"rendered":"\t\t<div data-elementor-type=\"wp-page\" data-elementor-id=\"52\" class=\"elementor elementor-52\" data-elementor-post-type=\"page\">\n\t\t\t\t<div class=\"elementor-element elementor-element-30b4c02 e-flex e-con-boxed e-con e-parent\" data-id=\"30b4c02\" data-element_type=\"container\">\n\t\t\t\t\t<div class=\"e-con-inner\">\n\t\t<div class=\"elementor-element elementor-element-fd5c5be e-con-full e-flex e-con e-child\" data-id=\"fd5c5be\" data-element_type=\"container\" data-settings=\"{&quot;background_background&quot;:&quot;classic&quot;}\">\n\t\t\t\t<div class=\"elementor-element elementor-element-d70ee62 elementor-widget elementor-widget-heading\" data-id=\"d70ee62\" data-element_type=\"widget\" data-widget_type=\"heading.default\">\n\t\t\t\t<div class=\"elementor-widget-container\">\n\t\t\t\t\t<h3 class=\"elementor-heading-title elementor-size-default\">CONVENIOS<\/h3>\t\t\t\t<\/div>\n\t\t\t\t<\/div>\n\t\t\t\t<\/div>\n\t\t\t\t\t<\/div>\n\t\t\t\t<\/div>\n\t\t<div class=\"elementor-element elementor-element-e2b7f1e e-con-full e-flex e-con e-parent\" data-id=\"e2b7f1e\" data-element_type=\"container\">\n\t\t<div class=\"elementor-element elementor-element-d8d7370 e-con-full e-flex e-con e-child\" data-id=\"d8d7370\" data-element_type=\"container\">\n\t\t\t\t<div class=\"elementor-element elementor-element-6351bdc elementor-widget elementor-widget-image\" data-id=\"6351bdc\" data-element_type=\"widget\" data-widget_type=\"image.default\">\n\t\t\t\t<div class=\"elementor-widget-container\">\n\t\t\t\t\t\t\t\t\t\t\t\t\t\t\t<img fetchpriority=\"high\" decoding=\"async\" width=\"583\" height=\"586\" src=\"https:\/\/asoaliar.com\/wp-content\/uploads\/2025\/06\/coorserpark-1.png\" class=\"attachment-large size-large wp-image-611\" alt=\"\" srcset=\"https:\/\/asoaliar.com\/wp-content\/uploads\/2025\/06\/coorserpark-1.png 583w, https:\/\/asoaliar.com\/wp-content\/uploads\/2025\/06\/coorserpark-1-497x500.png 497w, https:\/\/asoaliar.com\/wp-content\/uploads\/2025\/06\/coorserpark-1-298x300.png 298w, https:\/\/asoaliar.com\/wp-content\/uploads\/2025\/06\/coorserpark-1-150x150.png 150w, https:\/\/asoaliar.com\/wp-content\/uploads\/2025\/06\/coorserpark-1-75x75.png 75w, https:\/\/asoaliar.com\/wp-content\/uploads\/2025\/06\/coorserpark-1-480x482.png 480w\" sizes=\"(max-width:767px) 480px, 583px\" \/>\t\t\t\t\t\t\t\t\t\t\t\t\t\t\t<\/div>\n\t\t\t\t<\/div>\n\t\t\t\t<\/div>\n\t\t<div class=\"elementor-element elementor-element-34ae961 e-con-full e-flex e-con e-child\" data-id=\"34ae961\" data-element_type=\"container\">\n\t\t\t\t<div class=\"elementor-element elementor-element-1d301f0 elementor-widget elementor-widget-heading\" data-id=\"1d301f0\" data-element_type=\"widget\" data-widget_type=\"heading.default\">\n\t\t\t\t<div class=\"elementor-widget-container\">\n\t\t\t\t\t<h5 class=\"elementor-heading-title elementor-size-default\">Servicios solidarios \u2013 Servicio exequial Coopserpark<\/h5>\t\t\t\t<\/div>\n\t\t\t\t<\/div>\n\t\t\t\t<div class=\"elementor-element elementor-element-3402373 elementor-widget elementor-widget-text-editor\" data-id=\"3402373\" data-element_type=\"widget\" data-widget_type=\"text-editor.default\">\n\t\t\t\t<div class=\"elementor-widget-container\">\n\t\t\t\t\t\t\t\t\t<p>En la <strong>Asociaci\u00f3n Mutual de Usuarios de Gases Aliar<\/strong>, entendemos la importancia de brindar acompa\u00f1amiento y respaldo en los momentos m\u00e1s sensibles. Por eso, a trav\u00e9s de nuestro <strong>servicio exequial solidario<\/strong>, ofrecemos planes dise\u00f1ados para proteger a nuestros asociados y a sus seres queridos con atenci\u00f3n oportuna, digna y respetuosa.<\/p>\t\t\t\t\t\t\t\t<\/div>\n\t\t\t\t<\/div>\n\t\t\t\t<div class=\"elementor-element elementor-element-bb977fb elementor-widget elementor-widget-text-editor\" data-id=\"bb977fb\" data-element_type=\"widget\" data-widget_type=\"text-editor.default\">\n\t\t\t\t<div class=\"elementor-widget-container\">\n\t\t\t\t\t\t\t\t\t<p>Contamos con <strong>varios planes exequiales<\/strong>, que se ajustan a las necesidades y capacidades de cada familia, brindando cobertura integral y tranquilidad cuando m\u00e1s se necesita. Estos planes incluyen, entre otros beneficios:<\/p><ul><li><p>Traslado y disposici\u00f3n del cuerpo a nivel nacional<\/p><\/li><li><p>Cofre y sala de velaci\u00f3n\u00a0<\/p><\/li><li><p>Servicio religioso<\/p><\/li><li><p>Ornamentaci\u00f3n y arreglos florales<\/p><\/li><li><p>Asesor\u00eda y acompa\u00f1amiento durante todo el proceso<\/p><\/li><li><p>Cobertura para grupo familiar, seg\u00fan el plan elegido<\/p><\/li><\/ul><p>Nuestro compromiso es estar presentes cuando m\u00e1s se necesita, ofreciendo soluciones humanas y solidarias que honran la vida y acompa\u00f1an con respeto.<\/p>\t\t\t\t\t\t\t\t<\/div>\n\t\t\t\t<\/div>\n\t\t\t\t<\/div>\n\t\t\t\t<\/div>\n\t\t<div class=\"elementor-element elementor-element-ad0a906 e-con-full e-flex e-con e-parent\" data-id=\"ad0a906\" data-element_type=\"container\">\n\t\t<div class=\"elementor-element elementor-element-0c56975 e-con-full e-flex e-con e-child\" data-id=\"0c56975\" data-element_type=\"container\">\n\t\t\t\t<div class=\"elementor-element elementor-element-1559f16 elementor-widget elementor-widget-image\" data-id=\"1559f16\" data-element_type=\"widget\" data-widget_type=\"image.default\">\n\t\t\t\t<div class=\"elementor-widget-container\">\n\t\t\t\t\t\t\t\t\t\t\t\t\t\t\t<img decoding=\"async\" width=\"225\" height=\"225\" src=\"https:\/\/asoaliar.com\/wp-content\/uploads\/2025\/06\/images.png\" class=\"attachment-large size-large wp-image-623\" alt=\"\" srcset=\"https:\/\/asoaliar.com\/wp-content\/uploads\/2025\/06\/images.png 225w, https:\/\/asoaliar.com\/wp-content\/uploads\/2025\/06\/images-150x150.png 150w, https:\/\/asoaliar.com\/wp-content\/uploads\/2025\/06\/images-75x75.png 75w\" sizes=\"(max-width:767px) 225px, 225px\" \/>\t\t\t\t\t\t\t\t\t\t\t\t\t\t\t<\/div>\n\t\t\t\t<\/div>\n\t\t\t\t<\/div>\n\t\t<div class=\"elementor-element elementor-element-afc86cb e-con-full e-flex e-con e-child\" data-id=\"afc86cb\" data-element_type=\"container\">\n\t\t\t\t<div class=\"elementor-element elementor-element-3d96a34 elementor-widget elementor-widget-heading\" data-id=\"3d96a34\" data-element_type=\"widget\" data-widget_type=\"heading.default\">\n\t\t\t\t<div class=\"elementor-widget-container\">\n\t\t\t\t\t<h5 class=\"elementor-heading-title elementor-size-default\">Seguro de Vida MAPFRE - Protecci\u00f3n integral para vos y tu familia, con la confianza de MAPFRE<\/h5>\t\t\t\t<\/div>\n\t\t\t\t<\/div>\n\t\t\t\t<div class=\"elementor-element elementor-element-b5b2cc4 elementor-widget elementor-widget-text-editor\" data-id=\"b5b2cc4\" data-element_type=\"widget\" data-widget_type=\"text-editor.default\">\n\t\t\t\t<div class=\"elementor-widget-container\">\n\t\t\t\t\t\t\t\t\t<p>En la Asociaci\u00f3n Mutual de Usuarios de Gases Aliar, creemos que el bienestar comienza con la tranquilidad. Por eso, ahora pod\u00e9s acceder al <b>Seguro de Vida Grupo Voluntario de MAPFRE<\/b>, una cobertura dise\u00f1ada especialmente para proteger a los asociados y sus seres queridos frente a situaciones inesperadas.<\/p>\t\t\t\t\t\t\t\t<\/div>\n\t\t\t\t<\/div>\n\t\t\t\t<div class=\"elementor-element elementor-element-efa7e05 e-n-tabs-mobile elementor-widget elementor-widget-n-tabs\" data-id=\"efa7e05\" data-element_type=\"widget\" data-settings=\"{&quot;horizontal_scroll&quot;:&quot;disable&quot;}\" data-widget_type=\"nested-tabs.default\">\n\t\t\t\t<div class=\"elementor-widget-container\">\n\t\t\t\t\t\t\t<div class=\"e-n-tabs\" data-widget-number=\"251297285\" aria-label=\"Tabs. Open items with Enter or Space, close with Escape and navigate using the Arrow keys.\">\n\t\t\t<div class=\"e-n-tabs-heading\" role=\"tablist\">\n\t\t\t\t\t<button id=\"e-n-tab-title-2512972851\" class=\"e-n-tab-title\" aria-selected=\"true\" data-tab-index=\"1\" role=\"tab\" tabindex=\"0\" aria-controls=\"e-n-tab-content-2512972851\" style=\"--n-tabs-title-order: 1;\">\n\t\t\t\t\t\t<span class=\"e-n-tab-title-text\">\n\t\t\t\t\ud83d\udee1\u00bfQu\u00e9 cubre este seguro?\t\t\t<\/span>\n\t\t<\/button>\n\t\t\t\t<button id=\"e-n-tab-title-2512972852\" class=\"e-n-tab-title\" aria-selected=\"false\" data-tab-index=\"2\" role=\"tab\" tabindex=\"-1\" aria-controls=\"e-n-tab-content-2512972852\" style=\"--n-tabs-title-order: 2;\">\n\t\t\t\t\t\t<span class=\"e-n-tab-title-text\">\n\t\t\t\t\ud83c\udfaf \u00bfA qui\u00e9n est\u00e1 dirigido?\t\t\t<\/span>\n\t\t<\/button>\n\t\t\t\t<button id=\"e-n-tab-title-2512972853\" class=\"e-n-tab-title\" aria-selected=\"false\" data-tab-index=\"3\" role=\"tab\" tabindex=\"-1\" aria-controls=\"e-n-tab-content-2512972853\" style=\"--n-tabs-title-order: 3;\">\n\t\t\t\t\t\t<span class=\"e-n-tab-title-text\">\n\t\t\t\t\ud83d\udcb0 Planes flexibles desde $6.200 mensuales\t\t\t<\/span>\n\t\t<\/button>\n\t\t\t\t<button id=\"e-n-tab-title-2512972854\" class=\"e-n-tab-title\" aria-selected=\"false\" data-tab-index=\"4\" role=\"tab\" tabindex=\"-1\" aria-controls=\"e-n-tab-content-2512972854\" style=\"--n-tabs-title-order: 4;\">\n\t\t\t\t\t\t<span class=\"e-n-tab-title-text\">\n\t\t\t\t\ud83d\ude80 \u00bfPor qu\u00e9 elegir MAPFRE?\t\t\t<\/span>\n\t\t<\/button>\n\t\t\t\t\t<\/div>\n\t\t\t<div class=\"e-n-tabs-content\">\n\t\t\t\t<div id=\"e-n-tab-content-2512972851\" role=\"tabpanel\" aria-labelledby=\"e-n-tab-title-2512972851\" data-tab-index=\"1\" style=\"--n-tabs-title-order: 1;\" class=\"e-active elementor-element elementor-element-e5599b9 e-con-full e-flex e-con e-child\" data-id=\"e5599b9\" data-element_type=\"container\">\n\t\t<div class=\"elementor-element elementor-element-4cd9160 e-flex e-con-boxed e-con e-child\" data-id=\"4cd9160\" data-element_type=\"container\">\n\t\t\t\t\t<div class=\"e-con-inner\">\n\t\t\t\t<div class=\"elementor-element elementor-element-9600f9f elementor-widget elementor-widget-text-editor\" data-id=\"9600f9f\" data-element_type=\"widget\" data-widget_type=\"text-editor.default\">\n\t\t\t\t<div class=\"elementor-widget-container\">\n\t\t\t\t\t\t\t\t\t<p style=\"font-weight: 400;\">Con distintos planes a tu medida, este seguro te brinda:<\/p><p style=\"font-weight: 400;\">\u2705 <strong>Fallecimiento por cualquier causa<\/strong><br \/>\u2705 <strong>Fallecimiento accidental y desmembraci\u00f3n<\/strong><br \/>\u2705 <strong>Incapacidad total y permanente<\/strong><br \/>\u2705 <strong>Diagn\u00f3stico de enfermedades graves<\/strong><br \/>\u2705 <strong>Renta diaria por hospitalizaci\u00f3n y por UCI<\/strong><br \/>\u2705 <strong>Auxilio por maternidad o paternidad<\/strong><\/p>\t\t\t\t\t\t\t\t<\/div>\n\t\t\t\t<\/div>\n\t\t\t\t\t<\/div>\n\t\t\t\t<\/div>\n\t\t\t\t<\/div>\n\t\t<div id=\"e-n-tab-content-2512972852\" role=\"tabpanel\" aria-labelledby=\"e-n-tab-title-2512972852\" data-tab-index=\"2\" style=\"--n-tabs-title-order: 2;\" class=\" elementor-element elementor-element-e52373d e-con-full e-flex e-con e-child\" data-id=\"e52373d\" data-element_type=\"container\">\n\t\t<div class=\"elementor-element elementor-element-9900555 e-flex e-con-boxed e-con e-child\" data-id=\"9900555\" data-element_type=\"container\">\n\t\t\t\t\t<div class=\"e-con-inner\">\n\t\t\t\t<div class=\"elementor-element elementor-element-42a5856 elementor-widget elementor-widget-text-editor\" data-id=\"42a5856\" data-element_type=\"widget\" data-widget_type=\"text-editor.default\">\n\t\t\t\t<div class=\"elementor-widget-container\">\n\t\t\t\t\t\t\t\t\t<p style=\"font-weight: 400;\">El seguro est\u00e1 disponible para:<\/p><ul style=\"font-weight: 400;\"><li>Asociados<\/li><li>Empleados<\/li><li>Familiares de los asociados<\/li><\/ul><p style=\"font-weight: 400;\">Con ingreso desde los 18 hasta los 75 a\u00f1os y permanencia hasta los 80<\/p>\t\t\t\t\t\t\t\t<\/div>\n\t\t\t\t<\/div>\n\t\t\t\t\t<\/div>\n\t\t\t\t<\/div>\n\t\t\t\t<\/div>\n\t\t<div id=\"e-n-tab-content-2512972853\" role=\"tabpanel\" aria-labelledby=\"e-n-tab-title-2512972853\" data-tab-index=\"3\" style=\"--n-tabs-title-order: 3;\" class=\" elementor-element elementor-element-43ba848 e-con-full e-flex e-con e-child\" data-id=\"43ba848\" data-element_type=\"container\">\n\t\t<div class=\"elementor-element elementor-element-c3c0ab5 e-flex e-con-boxed e-con e-child\" data-id=\"c3c0ab5\" data-element_type=\"container\">\n\t\t\t\t\t<div class=\"e-con-inner\">\n\t\t\t\t<div class=\"elementor-element elementor-element-f8ecd75 elementor-widget elementor-widget-text-editor\" data-id=\"f8ecd75\" data-element_type=\"widget\" data-widget_type=\"text-editor.default\">\n\t\t\t\t<div class=\"elementor-widget-container\">\n\t\t\t\t\t\t\t\t\t<p>Eleg\u00ed el plan que mejor se ajuste a tus necesidades, con sumas aseguradas desde $15 hasta $100 millones de pesos y primas accesibles. \u00a1Pod\u00e9s empezar a protegerte hoy mismo!<\/p>\t\t\t\t\t\t\t\t<\/div>\n\t\t\t\t<\/div>\n\t\t\t\t\t<\/div>\n\t\t\t\t<\/div>\n\t\t\t\t<\/div>\n\t\t<div id=\"e-n-tab-content-2512972854\" role=\"tabpanel\" aria-labelledby=\"e-n-tab-title-2512972854\" data-tab-index=\"4\" style=\"--n-tabs-title-order: 4;\" class=\" elementor-element elementor-element-87364ce e-flex e-con-boxed e-con e-child\" data-id=\"87364ce\" data-element_type=\"container\">\n\t\t\t\t\t<div class=\"e-con-inner\">\n\t\t<div class=\"elementor-element elementor-element-1e1f5f0 e-con-full e-flex e-con e-child\" data-id=\"1e1f5f0\" data-element_type=\"container\">\n\t\t\t\t<div class=\"elementor-element elementor-element-35cbc65 elementor-widget elementor-widget-text-editor\" data-id=\"35cbc65\" data-element_type=\"widget\" data-widget_type=\"text-editor.default\">\n\t\t\t\t<div class=\"elementor-widget-container\">\n\t\t\t\t\t\t\t\t\t<ul style=\"font-weight: 400;\"><li><strong>Respaldo internacional<\/strong><\/li><li><strong>Indemnizaci\u00f3n r\u00e1pida y sin complicaciones<\/strong><\/li><li><strong>Cobertura nacional<\/strong><\/li><li><strong>Atenci\u00f3n directa con la Mutual<\/strong><\/li><\/ul><p>.<\/p>\t\t\t\t\t\t\t\t<\/div>\n\t\t\t\t<\/div>\n\t\t\t\t<\/div>\n\t\t\t\t<div class=\"elementor-element elementor-element-7da7505 elementor-widget elementor-widget-text-editor\" data-id=\"7da7505\" data-element_type=\"widget\" data-widget_type=\"text-editor.default\">\n\t\t\t\t<div class=\"elementor-widget-container\">\n\t\t\t\t\t\t\t\t\t<p style=\"font-weight: 400;\"><strong>\ud83d\udcf2<\/strong><strong> \u00a1S\u00famate hoy!<\/strong><\/p><p style=\"font-weight: 400;\">Eleg\u00ed tranquilidad. Cont\u00e1ctanos para m\u00e1s informaci\u00f3n o inscr\u00edbete directamente en nuestra oficina o a trav\u00e9s de nuestros canales digitales.<\/p><p style=\"font-weight: 400;\">\ud83d\udc49 Solicit\u00e1 cotizaci\u00f3n a <a href=\"mailto:Servicioalasociado@asoaliar.com\">Servicioalasociado@asoaliar.com<\/a>\u00a0\u00a0| \ud83d\udcde Hablar con un asesor\u00a0 3229783852<\/p>\t\t\t\t\t\t\t\t<\/div>\n\t\t\t\t<\/div>\n\t\t\t\t\t<\/div>\n\t\t\t\t<\/div>\n\t\t\t\t\t<\/div>\n\t\t<\/div>\n\t\t\t\t\t\t<\/div>\n\t\t\t\t<\/div>\n\t\t\t\t<\/div>\n\t\t\t\t<\/div>\n\t\t<div class=\"elementor-element elementor-element-b5ec8e2 e-con-full e-flex e-con e-parent\" data-id=\"b5ec8e2\" data-element_type=\"container\">\n\t\t<div class=\"elementor-element elementor-element-3955bae e-con-full e-flex e-con e-child\" data-id=\"3955bae\" data-element_type=\"container\">\n\t\t\t\t<div class=\"elementor-element elementor-element-3390417 elementor-widget elementor-widget-image\" data-id=\"3390417\" data-element_type=\"widget\" data-widget_type=\"image.default\">\n\t\t\t\t<div class=\"elementor-widget-container\">\n\t\t\t\t\t\t\t\t\t\t\t\t\t\t\t<img decoding=\"async\" width=\"225\" height=\"225\" src=\"https:\/\/asoaliar.com\/wp-content\/uploads\/2025\/06\/images.png\" class=\"attachment-large size-large wp-image-623\" alt=\"\" srcset=\"https:\/\/asoaliar.com\/wp-content\/uploads\/2025\/06\/images.png 225w, https:\/\/asoaliar.com\/wp-content\/uploads\/2025\/06\/images-150x150.png 150w, https:\/\/asoaliar.com\/wp-content\/uploads\/2025\/06\/images-75x75.png 75w\" sizes=\"(max-width:767px) 225px, 225px\" \/>\t\t\t\t\t\t\t\t\t\t\t\t\t\t\t<\/div>\n\t\t\t\t<\/div>\n\t\t\t\t<\/div>\n\t\t<div class=\"elementor-element elementor-element-a1c3c75 e-con-full e-flex e-con e-child\" data-id=\"a1c3c75\" data-element_type=\"container\">\n\t\t\t\t<div class=\"elementor-element elementor-element-6b1277f elementor-widget elementor-widget-heading\" data-id=\"6b1277f\" data-element_type=\"widget\" data-widget_type=\"heading.default\">\n\t\t\t\t<div class=\"elementor-widget-container\">\n\t\t\t\t\t<h5 class=\"elementor-heading-title elementor-size-default\">\ud83d\ude97 Seguro de Veh\u00edculo MAPFRE para Asociados Conduce tranquilo. Est\u00e1s asegurado con MAPFRE.<\/h5>\t\t\t\t<\/div>\n\t\t\t\t<\/div>\n\t\t\t\t<div class=\"elementor-element elementor-element-37af2ff elementor-widget elementor-widget-text-editor\" data-id=\"37af2ff\" data-element_type=\"widget\" data-widget_type=\"text-editor.default\">\n\t\t\t\t<div class=\"elementor-widget-container\">\n\t\t\t\t\t\t\t\t\t<p>La Asociaci\u00f3n Mutual de Usuarios de Gases Aliar te ofrece, en alianza con\u00a0<strong>MAPFRE<\/strong>, uno de los seguros para veh\u00edculos m\u00e1s completos, accesibles y confiables del mercado. Protege tu carro ante cualquier eventualidad, con el respaldo de una compa\u00f1\u00eda con gran cobertura.<\/p>\t\t\t\t\t\t\t\t<\/div>\n\t\t\t\t<\/div>\n\t\t\t\t<div class=\"elementor-element elementor-element-90c2879 e-n-tabs-mobile elementor-widget elementor-widget-n-tabs\" data-id=\"90c2879\" data-element_type=\"widget\" data-settings=\"{&quot;horizontal_scroll&quot;:&quot;disable&quot;}\" data-widget_type=\"nested-tabs.default\">\n\t\t\t\t<div class=\"elementor-widget-container\">\n\t\t\t\t\t\t\t<div class=\"e-n-tabs\" data-widget-number=\"151791737\" aria-label=\"Tabs. Open items with Enter or Space, close with Escape and navigate using the Arrow keys.\">\n\t\t\t<div class=\"e-n-tabs-heading\" role=\"tablist\">\n\t\t\t\t\t<button id=\"e-n-tab-title-1517917371\" class=\"e-n-tab-title\" aria-selected=\"true\" data-tab-index=\"1\" role=\"tab\" tabindex=\"0\" aria-controls=\"e-n-tab-content-1517917371\" style=\"--n-tabs-title-order: 1;\">\n\t\t\t\t\t\t<span class=\"e-n-tab-title-text\">\n\t\t\t\t\ud83d\udcb0 \u00bfCu\u00e1nto cuesta?\t\t\t<\/span>\n\t\t<\/button>\n\t\t\t\t\t<\/div>\n\t\t\t<div class=\"e-n-tabs-content\">\n\t\t\t\t<div id=\"e-n-tab-content-1517917371\" role=\"tabpanel\" aria-labelledby=\"e-n-tab-title-1517917371\" data-tab-index=\"1\" style=\"--n-tabs-title-order: 1;\" class=\"e-active elementor-element elementor-element-be73f05 e-con-full e-flex e-con e-child\" data-id=\"be73f05\" data-element_type=\"container\">\n\t\t<div class=\"elementor-element elementor-element-3ac202e e-flex e-con-boxed e-con e-child\" data-id=\"3ac202e\" data-element_type=\"container\">\n\t\t\t\t\t<div class=\"e-con-inner\">\n\t\t\t\t<div class=\"elementor-element elementor-element-9f6d983 elementor-widget elementor-widget-text-editor\" data-id=\"9f6d983\" data-element_type=\"widget\" data-widget_type=\"text-editor.default\">\n\t\t\t\t<div class=\"elementor-widget-container\">\n\t\t\t\t\t\t\t\t\t<p>\u00a1Mucho menos de lo que imagin\u00e1s! Pod\u00e9s acceder a <b>buenas tarifas<\/b> comunic\u00e1ndote con nosotros para recibir una cotizaci\u00f3n personalizada.<\/p>\t\t\t\t\t\t\t\t<\/div>\n\t\t\t\t<\/div>\n\t\t\t\t<div class=\"elementor-element elementor-element-c6f2824 elementor-widget elementor-widget-text-editor\" data-id=\"c6f2824\" data-element_type=\"widget\" data-widget_type=\"text-editor.default\">\n\t\t\t\t<div class=\"elementor-widget-container\">\n\t\t\t\t\t\t\t\t\t<p style=\"font-weight: 400;\"><strong>\ud83d\udcf2<\/strong><strong> \u00a1Cotiz\u00e1 y asegur\u00e1 tu carro hoy!<\/strong><\/p><p style=\"font-weight: 400;\">No dejes tu tranquilidad al volante al azar. Sumate al Seguro Vehicular MAPFRE y manej\u00e1 con respaldo total.<\/p><p style=\"font-weight: 400;\">\ud83d\udc49 Solicit\u00e1 cotizaci\u00f3n a <a href=\"mailto:servicioalasociado@asoaliar.com\">servicioalasociado@asoaliar.com<\/a> \u00a0\ud83d\udcde Habl\u00e1 con un asesor 3229783852<\/p>\t\t\t\t\t\t\t\t<\/div>\n\t\t\t\t<\/div>\n\t\t\t\t\t<\/div>\n\t\t\t\t<\/div>\n\t\t\t\t<\/div>\n\t\t\t\t\t<\/div>\n\t\t<\/div>\n\t\t\t\t\t\t<\/div>\n\t\t\t\t<\/div>\n\t\t\t\t<\/div>\n\t\t\t\t<\/div>\n\t\t\t\t<\/div>\n\t\t","protected":false},"excerpt":{"rendered":"<p>CONVENIOS Servicios solidarios \u2013 Servicio exequial Coopserpark En la Asociaci\u00f3n Mutual de Usuarios de Gases Aliar, entendemos la importancia de brindar acompa\u00f1amiento y respaldo en los<span class=\"excerpt-hellip\"> [\u2026]<\/span><\/p>\n","protected":false},"author":1,"featured_media":0,"parent":0,"menu_order":0,"comment_status":"open","ping_status":"closed","template":"","meta":{"_joinchat":[],"footnotes":""},"class_list":["post-52","page","type-page","status-publish","hentry"],"_links":{"self":[{"href":"https:\/\/asoaliar.com\/index.php\/wp-json\/wp\/v2\/pages\/52","targetHints":{"allow":["GET"]}}],"collection":[{"href":"https:\/\/asoaliar.com\/index.php\/wp-json\/wp\/v2\/pages"}],"about":[{"href":"https:\/\/asoaliar.com\/index.php\/wp-json\/wp\/v2\/types\/page"}],"author":[{"embeddable":true,"href":"https:\/\/asoaliar.com\/index.php\/wp-json\/wp\/v2\/users\/1"}],"replies":[{"embeddable":true,"href":"https:\/\/asoaliar.com\/index.php\/wp-json\/wp\/v2\/comments?post=52"}],"version-history":[{"count":25,"href":"https:\/\/asoaliar.com\/index.php\/wp-json\/wp\/v2\/pages\/52\/revisions"}],"predecessor-version":[{"id":710,"href":"https:\/\/asoaliar.com\/index.php\/wp-json\/wp\/v2\/pages\/52\/revisions\/710"}],"wp:attachment":[{"href":"https:\/\/asoaliar.com\/index.php\/wp-json\/wp\/v2\/media?parent=52"}],"curies":[{"name":"wp","href":"https:\/\/api.w.org\/{rel}","templated":true}]}}