{"id":48,"date":"2021-02-01T16:01:19","date_gmt":"2021-02-01T16:01:19","guid":{"rendered":"https:\/\/asoaliar.com\/?page_id=48"},"modified":"2025-06-26T18:30:16","modified_gmt":"2025-06-26T23:30:16","slug":"home","status":"publish","type":"page","link":"https:\/\/asoaliar.com\/","title":{"rendered":"Inicio"},"content":{"rendered":"\t\t<div data-elementor-type=\"wp-page\" data-elementor-id=\"48\" class=\"elementor elementor-48\" data-elementor-post-type=\"page\">\n\t\t\t\t<div class=\"elementor-element elementor-element-e0a4a17 e-flex e-con-boxed e-con e-parent\" data-id=\"e0a4a17\" data-element_type=\"container\">\n\t\t\t\t\t<div class=\"e-con-inner\">\n\t\t\t\t<div class=\"elementor-element elementor-element-15f34ce elementor-widget elementor-widget-menu-anchor\" data-id=\"15f34ce\" data-element_type=\"widget\" data-widget_type=\"menu-anchor.default\">\n\t\t\t\t<div class=\"elementor-widget-container\">\n\t\t\t\t\t\t\t<div class=\"elementor-menu-anchor\" id=\"quienes\"><\/div>\n\t\t\t\t\t\t<\/div>\n\t\t\t\t<\/div>\n\t\t\t\t\t<\/div>\n\t\t\t\t<\/div>\n\t\t<div class=\"elementor-element elementor-element-15f27d30 e-con-full e-flex e-con e-parent\" data-id=\"15f27d30\" data-element_type=\"container\" data-settings=\"{&quot;background_background&quot;:&quot;gradient&quot;}\">\n\t\t<div class=\"elementor-element elementor-element-762c6b3a e-con-full e-flex e-con e-child\" data-id=\"762c6b3a\" data-element_type=\"container\">\n\t\t\t\t<div class=\"elementor-element elementor-element-54866426 elementor-widget__width-initial elementor-widget-tablet__width-inherit elementor-widget elementor-widget-heading\" data-id=\"54866426\" data-element_type=\"widget\" data-widget_type=\"heading.default\">\n\t\t\t\t<div class=\"elementor-widget-container\">\n\t\t\t\t\t<h2 class=\"elementor-heading-title elementor-size-default\"><p><span style=\"color: #000080\">ALIAR<\/span><\/p>\n<p style=\"font-weight: 400\"><span style=\"color: #000080\"><strong>POR QUE LO QUE VIENE, MERECE RESPALDO<\/strong><\/span><\/p>\n<\/h2>\t\t\t\t<\/div>\n\t\t\t\t<\/div>\n\t\t\t\t<div class=\"elementor-element elementor-element-2c51981 elementor-widget__width-initial elementor-widget-tablet__width-inherit elementor-widget elementor-widget-text-editor\" data-id=\"2c51981\" data-element_type=\"widget\" data-widget_type=\"text-editor.default\">\n\t\t\t\t<div class=\"elementor-widget-container\">\n\t\t\t\t\t\t\t\t\t<h4><strong>\u00bfQui\u00e9nes somos?<\/strong><\/h4><p style=\"text-align: justify;\">La<strong> Asociaci\u00f3n Mutual de Usuarios de Gases Aliar<\/strong>, identificada con NIT 901.876.645-8, es una persona jur\u00eddica de derecho privado, sin \u00e1nimo de lucro, con responsabilidad limitada, n\u00famero de asociados y patrimonio social variable e ilimitado. Nos regimos por los principios universales del mutualismo, por la doctrina del movimiento mutualista, por el Decreto Ley 1480 de 1989, la Ley 2143 del 10 de agosto de 2021, y por lo dispuesto en nuestro estatuto. Como entidad mutual, trabajamos en funci\u00f3n del bienestar colectivo de nuestros asociados, promoviendo la solidaridad, la ayuda mutua y la autogesti\u00f3n como base de nuestras acciones.<\/p>\t\t\t\t\t\t\t\t<\/div>\n\t\t\t\t<\/div>\n\t\t\t\t<\/div>\n\t\t\t\t<\/div>\n\t\t<div class=\"elementor-element elementor-element-5813c5a e-con-full e-flex e-con e-parent\" data-id=\"5813c5a\" data-element_type=\"container\">\n\t\t\t\t<div class=\"elementor-element elementor-element-7a2e346 elementor-widget elementor-widget-menu-anchor\" data-id=\"7a2e346\" data-element_type=\"widget\" data-widget_type=\"menu-anchor.default\">\n\t\t\t\t<div class=\"elementor-widget-container\">\n\t\t\t\t\t\t\t<div class=\"elementor-menu-anchor\" id=\"mision\"><\/div>\n\t\t\t\t\t\t<\/div>\n\t\t\t\t<\/div>\n\t\t\t\t<div class=\"elementor-element elementor-element-61b7532 elementor-widget elementor-widget-image\" data-id=\"61b7532\" data-element_type=\"widget\" data-widget_type=\"image.default\">\n\t\t\t\t<div class=\"elementor-widget-container\">\n\t\t\t\t\t\t\t\t\t\t\t\t\t\t\t<img fetchpriority=\"high\" decoding=\"async\" width=\"1125\" height=\"627\" src=\"https:\/\/asoaliar.com\/wp-content\/uploads\/2025\/06\/mision.png\" class=\"attachment-full size-full wp-image-570\" alt=\"\" srcset=\"https:\/\/asoaliar.com\/wp-content\/uploads\/2025\/06\/mision.png 1125w, https:\/\/asoaliar.com\/wp-content\/uploads\/2025\/06\/mision-500x279.png 500w, https:\/\/asoaliar.com\/wp-content\/uploads\/2025\/06\/mision-300x167.png 300w, https:\/\/asoaliar.com\/wp-content\/uploads\/2025\/06\/mision-768x428.png 768w, https:\/\/asoaliar.com\/wp-content\/uploads\/2025\/06\/mision-135x75.png 135w, https:\/\/asoaliar.com\/wp-content\/uploads\/2025\/06\/mision-480x268.png 480w\" sizes=\"(max-width:767px) 480px, (max-width:1125px) 100vw, 1125px\" \/>\t\t\t\t\t\t\t\t\t\t\t\t\t\t\t<\/div>\n\t\t\t\t<\/div>\n\t\t\t\t<\/div>\n\t\t<div class=\"elementor-element elementor-element-f98b509 e-con-full e-flex e-con e-parent\" data-id=\"f98b509\" data-element_type=\"container\">\n\t\t\t\t<div class=\"elementor-element elementor-element-31bcc95 elementor-widget elementor-widget-menu-anchor\" data-id=\"31bcc95\" data-element_type=\"widget\" data-widget_type=\"menu-anchor.default\">\n\t\t\t\t<div class=\"elementor-widget-container\">\n\t\t\t\t\t\t\t<div class=\"elementor-menu-anchor\" id=\"vision\"><\/div>\n\t\t\t\t\t\t<\/div>\n\t\t\t\t<\/div>\n\t\t\t\t<div class=\"elementor-element elementor-element-92f3d8b elementor-widget elementor-widget-image\" data-id=\"92f3d8b\" data-element_type=\"widget\" data-widget_type=\"image.default\">\n\t\t\t\t<div class=\"elementor-widget-container\">\n\t\t\t\t\t\t\t\t\t\t\t\t\t\t\t<img decoding=\"async\" width=\"1121\" height=\"617\" src=\"https:\/\/asoaliar.com\/wp-content\/uploads\/2025\/06\/vision.png\" class=\"attachment-full size-full wp-image-587\" alt=\"\" srcset=\"https:\/\/asoaliar.com\/wp-content\/uploads\/2025\/06\/vision.png 1121w, https:\/\/asoaliar.com\/wp-content\/uploads\/2025\/06\/vision-500x275.png 500w, https:\/\/asoaliar.com\/wp-content\/uploads\/2025\/06\/vision-300x165.png 300w, https:\/\/asoaliar.com\/wp-content\/uploads\/2025\/06\/vision-768x423.png 768w, https:\/\/asoaliar.com\/wp-content\/uploads\/2025\/06\/vision-136x75.png 136w, https:\/\/asoaliar.com\/wp-content\/uploads\/2025\/06\/vision-480x264.png 480w\" sizes=\"(max-width:767px) 480px, (max-width:1121px) 100vw, 1121px\" \/>\t\t\t\t\t\t\t\t\t\t\t\t\t\t\t<\/div>\n\t\t\t\t<\/div>\n\t\t\t\t<\/div>\n\t\t<div class=\"elementor-element elementor-element-60a675b e-con-full e-flex e-con e-parent\" data-id=\"60a675b\" data-element_type=\"container\" data-settings=\"{&quot;background_background&quot;:&quot;classic&quot;}\">\n\t\t\t\t<div class=\"elementor-element elementor-element-a93634b elementor-widget elementor-widget-menu-anchor\" data-id=\"a93634b\" data-element_type=\"widget\" data-widget_type=\"menu-anchor.default\">\n\t\t\t\t<div class=\"elementor-widget-container\">\n\t\t\t\t\t\t\t<div class=\"elementor-menu-anchor\" id=\"nuestros\"><\/div>\n\t\t\t\t\t\t<\/div>\n\t\t\t\t<\/div>\n\t\t\t\t<div class=\"elementor-element elementor-element-fa5292b elementor-widget elementor-widget-text-editor\" data-id=\"fa5292b\" data-element_type=\"widget\" data-widget_type=\"text-editor.default\">\n\t\t\t\t<div class=\"elementor-widget-container\">\n\t\t\t\t\t\t\t\t\t<pre>Nuestros Servicios<\/pre>\t\t\t\t\t\t\t\t<\/div>\n\t\t\t\t<\/div>\n\t\t\t\t<\/div>\n\t\t<div class=\"elementor-element elementor-element-1a2be16 e-con-full e-flex e-con e-parent\" data-id=\"1a2be16\" data-element_type=\"container\" data-settings=\"{&quot;background_background&quot;:&quot;classic&quot;}\">\n\t\t\t\t<div class=\"elementor-element elementor-element-774feea elementor-widget elementor-widget-text-editor\" data-id=\"774feea\" data-element_type=\"widget\" data-widget_type=\"text-editor.default\">\n\t\t\t\t<div class=\"elementor-widget-container\">\n\t\t\t\t\t\t\t\t\t<p>En la <strong>Asociaci\u00f3n Mutual de Usuarios de Gases Aliar<\/strong> trabajamos para brindar soluciones integrales que mejoren la calidad de vida de nuestros asociados. Nuestros servicios est\u00e1n dise\u00f1ados bajo principios de solidaridad y cooperaci\u00f3n, con beneficios accesibles y orientados al bienestar colectivo.<\/p><p>Ofrecemos:<\/p>\t\t\t\t\t\t\t\t<\/div>\n\t\t\t\t<\/div>\n\t\t\t\t<\/div>\n\t\t<div class=\"elementor-element elementor-element-164c8bd e-con-full e-flex e-con e-parent\" data-id=\"164c8bd\" data-element_type=\"container\">\n\t\t<div class=\"elementor-element elementor-element-dc8995e e-con-full e-flex e-con e-child\" data-id=\"dc8995e\" data-element_type=\"container\">\n\t\t\t\t<div class=\"elementor-element elementor-element-855bfcb elementor-widget elementor-widget-image\" data-id=\"855bfcb\" data-element_type=\"widget\" data-widget_type=\"image.default\">\n\t\t\t\t<div class=\"elementor-widget-container\">\n\t\t\t\t\t\t\t\t\t\t\t\t\t\t\t<img decoding=\"async\" width=\"512\" height=\"512\" src=\"https:\/\/asoaliar.com\/wp-content\/uploads\/2025\/06\/devolucion-de-dinero.png\" class=\"attachment-large size-large wp-image-592\" alt=\"\" srcset=\"https:\/\/asoaliar.com\/wp-content\/uploads\/2025\/06\/devolucion-de-dinero.png 512w, https:\/\/asoaliar.com\/wp-content\/uploads\/2025\/06\/devolucion-de-dinero-500x500.png 500w, https:\/\/asoaliar.com\/wp-content\/uploads\/2025\/06\/devolucion-de-dinero-300x300.png 300w, https:\/\/asoaliar.com\/wp-content\/uploads\/2025\/06\/devolucion-de-dinero-150x150.png 150w, https:\/\/asoaliar.com\/wp-content\/uploads\/2025\/06\/devolucion-de-dinero-75x75.png 75w, https:\/\/asoaliar.com\/wp-content\/uploads\/2025\/06\/devolucion-de-dinero-480x480.png 480w\" sizes=\"(max-width:767px) 480px, 512px\" \/>\t\t\t\t\t\t\t\t\t\t\t\t\t\t\t<\/div>\n\t\t\t\t<\/div>\n\t\t\t\t<\/div>\n\t\t<div class=\"elementor-element elementor-element-aad062c e-con-full e-flex e-con e-child\" data-id=\"aad062c\" data-element_type=\"container\">\n\t\t\t\t<div class=\"elementor-element elementor-element-11bd215 elementor-widget elementor-widget-text-editor\" data-id=\"11bd215\" data-element_type=\"widget\" data-widget_type=\"text-editor.default\">\n\t\t\t\t<div class=\"elementor-widget-container\">\n\t\t\t\t\t\t\t\t\t<ul><li><p><strong>Cr\u00e9ditos solidarios:<\/strong> L\u00edneas de financiaci\u00f3n flexibles y con condiciones favorables, pensadas para apoyar proyectos personales, familiares o productivos de nuestros asociados.<\/p><\/li><\/ul>\t\t\t\t\t\t\t\t<\/div>\n\t\t\t\t<\/div>\n\t\t\t\t<\/div>\n\t\t\t\t<\/div>\n\t\t<div class=\"elementor-element elementor-element-79e057a e-con-full e-flex e-con e-parent\" data-id=\"79e057a\" data-element_type=\"container\">\n\t\t<div class=\"elementor-element elementor-element-339aa4e e-con-full e-flex e-con e-child\" data-id=\"339aa4e\" data-element_type=\"container\">\n\t\t\t\t<div class=\"elementor-element elementor-element-9f42b5a elementor-widget elementor-widget-image\" data-id=\"9f42b5a\" data-element_type=\"widget\" data-widget_type=\"image.default\">\n\t\t\t\t<div class=\"elementor-widget-container\">\n\t\t\t\t\t\t\t\t\t\t\t\t\t\t\t<img loading=\"lazy\" decoding=\"async\" width=\"512\" height=\"512\" src=\"https:\/\/asoaliar.com\/wp-content\/uploads\/2025\/06\/ahorrar-tiempo.png\" class=\"attachment-large size-large wp-image-593\" alt=\"\" srcset=\"https:\/\/asoaliar.com\/wp-content\/uploads\/2025\/06\/ahorrar-tiempo.png 512w, https:\/\/asoaliar.com\/wp-content\/uploads\/2025\/06\/ahorrar-tiempo-500x500.png 500w, https:\/\/asoaliar.com\/wp-content\/uploads\/2025\/06\/ahorrar-tiempo-300x300.png 300w, https:\/\/asoaliar.com\/wp-content\/uploads\/2025\/06\/ahorrar-tiempo-150x150.png 150w, https:\/\/asoaliar.com\/wp-content\/uploads\/2025\/06\/ahorrar-tiempo-75x75.png 75w, https:\/\/asoaliar.com\/wp-content\/uploads\/2025\/06\/ahorrar-tiempo-480x480.png 480w\" sizes=\"(max-width:767px) 480px, 512px\" \/>\t\t\t\t\t\t\t\t\t\t\t\t\t\t\t<\/div>\n\t\t\t\t<\/div>\n\t\t\t\t<\/div>\n\t\t<div class=\"elementor-element elementor-element-be03e02 e-con-full e-flex e-con e-child\" data-id=\"be03e02\" data-element_type=\"container\">\n\t\t\t\t<div class=\"elementor-element elementor-element-c0d67dc elementor-widget elementor-widget-text-editor\" data-id=\"c0d67dc\" data-element_type=\"widget\" data-widget_type=\"text-editor.default\">\n\t\t\t\t<div class=\"elementor-widget-container\">\n\t\t\t\t\t\t\t\t\t<ul><li><p><strong>Ahorros mutuales:<\/strong> Alternativas de ahorro adaptadas a diferentes objetivos, que promueven la cultura financiera responsable y brindan respaldo para el futuro.<\/p><\/li><\/ul>\t\t\t\t\t\t\t\t<\/div>\n\t\t\t\t<\/div>\n\t\t\t\t<\/div>\n\t\t\t\t<\/div>\n\t\t<div class=\"elementor-element elementor-element-8a89b35 e-con-full e-flex e-con e-parent\" data-id=\"8a89b35\" data-element_type=\"container\">\n\t\t<div class=\"elementor-element elementor-element-d8a055c e-con-full e-flex e-con e-child\" data-id=\"d8a055c\" data-element_type=\"container\">\n\t\t\t\t<div class=\"elementor-element elementor-element-26b606e elementor-widget elementor-widget-image\" data-id=\"26b606e\" data-element_type=\"widget\" data-widget_type=\"image.default\">\n\t\t\t\t<div class=\"elementor-widget-container\">\n\t\t\t\t\t\t\t\t\t\t\t\t\t\t\t<img loading=\"lazy\" decoding=\"async\" width=\"512\" height=\"512\" src=\"https:\/\/asoaliar.com\/wp-content\/uploads\/2025\/06\/ayuda-psicologica.png\" class=\"attachment-large size-large wp-image-680\" alt=\"\" srcset=\"https:\/\/asoaliar.com\/wp-content\/uploads\/2025\/06\/ayuda-psicologica.png 512w, https:\/\/asoaliar.com\/wp-content\/uploads\/2025\/06\/ayuda-psicologica-500x500.png 500w, https:\/\/asoaliar.com\/wp-content\/uploads\/2025\/06\/ayuda-psicologica-300x300.png 300w, https:\/\/asoaliar.com\/wp-content\/uploads\/2025\/06\/ayuda-psicologica-150x150.png 150w, https:\/\/asoaliar.com\/wp-content\/uploads\/2025\/06\/ayuda-psicologica-75x75.png 75w, https:\/\/asoaliar.com\/wp-content\/uploads\/2025\/06\/ayuda-psicologica-480x480.png 480w\" sizes=\"(max-width:767px) 480px, 512px\" \/>\t\t\t\t\t\t\t\t\t\t\t\t\t\t\t<\/div>\n\t\t\t\t<\/div>\n\t\t\t\t<\/div>\n\t\t<div class=\"elementor-element elementor-element-864508f e-con-full e-flex e-con e-child\" data-id=\"864508f\" data-element_type=\"container\">\n\t\t\t\t<div class=\"elementor-element elementor-element-ffd1c2b elementor-widget elementor-widget-text-editor\" data-id=\"ffd1c2b\" data-element_type=\"widget\" data-widget_type=\"text-editor.default\">\n\t\t\t\t<div class=\"elementor-widget-container\">\n\t\t\t\t\t\t\t\t\t<ul><li><p><strong>Servicio exequial:<\/strong> Planes solidarios que acompa\u00f1an a las familias en momentos dif\u00edciles, garantizando atenci\u00f3n oportuna, dignidad y tranquilidad.<\/p><\/li><\/ul>\t\t\t\t\t\t\t\t<\/div>\n\t\t\t\t<\/div>\n\t\t\t\t<\/div>\n\t\t\t\t<\/div>\n\t\t<div class=\"elementor-element elementor-element-65db0c5 e-con-full e-flex e-con e-parent\" data-id=\"65db0c5\" data-element_type=\"container\">\n\t\t<div class=\"elementor-element elementor-element-ac8e4ad e-con-full e-flex e-con e-child\" data-id=\"ac8e4ad\" data-element_type=\"container\">\n\t\t\t\t<div class=\"elementor-element elementor-element-99dc7ea elementor-widget elementor-widget-image\" data-id=\"99dc7ea\" data-element_type=\"widget\" data-widget_type=\"image.default\">\n\t\t\t\t<div class=\"elementor-widget-container\">\n\t\t\t\t\t\t\t\t\t\t\t\t\t\t\t<img loading=\"lazy\" decoding=\"async\" width=\"512\" height=\"512\" src=\"https:\/\/asoaliar.com\/wp-content\/uploads\/2025\/06\/paciente.png\" class=\"attachment-large size-large wp-image-595\" alt=\"\" srcset=\"https:\/\/asoaliar.com\/wp-content\/uploads\/2025\/06\/paciente.png 512w, https:\/\/asoaliar.com\/wp-content\/uploads\/2025\/06\/paciente-500x500.png 500w, https:\/\/asoaliar.com\/wp-content\/uploads\/2025\/06\/paciente-300x300.png 300w, https:\/\/asoaliar.com\/wp-content\/uploads\/2025\/06\/paciente-150x150.png 150w, https:\/\/asoaliar.com\/wp-content\/uploads\/2025\/06\/paciente-75x75.png 75w, https:\/\/asoaliar.com\/wp-content\/uploads\/2025\/06\/paciente-480x480.png 480w\" sizes=\"(max-width:767px) 480px, 512px\" \/>\t\t\t\t\t\t\t\t\t\t\t\t\t\t\t<\/div>\n\t\t\t\t<\/div>\n\t\t\t\t<\/div>\n\t\t<div class=\"elementor-element elementor-element-d0ef8bc e-con-full e-flex e-con e-child\" data-id=\"d0ef8bc\" data-element_type=\"container\">\n\t\t\t\t<div class=\"elementor-element elementor-element-2f0828c elementor-widget elementor-widget-text-editor\" data-id=\"2f0828c\" data-element_type=\"widget\" data-widget_type=\"text-editor.default\">\n\t\t\t\t<div class=\"elementor-widget-container\">\n\t\t\t\t\t\t\t\t\t<ul><li><p><strong>P\u00f3lizas de seguros:<\/strong> Coberturas dise\u00f1adas para proteger lo que m\u00e1s importa, incluyendo seguros de vida y de veh\u00edculo, con respaldo confiable y atenci\u00f3n personalizada.<\/p><\/li><\/ul>\t\t\t\t\t\t\t\t<\/div>\n\t\t\t\t<\/div>\n\t\t\t\t<\/div>\n\t\t\t\t<\/div>\n\t\t\t\t<\/div>\n\t\t","protected":false},"excerpt":{"rendered":"<p>ALIAR POR QUE LO QUE VIENE, MERECE RESPALDO \u00bfQui\u00e9nes somos? La Asociaci\u00f3n Mutual de Usuarios de Gases Aliar, identificada con NIT 901.876.645-8, es una persona jur\u00eddica<span class=\"excerpt-hellip\"> [\u2026]<\/span><\/p>\n","protected":false},"author":1,"featured_media":0,"parent":0,"menu_order":0,"comment_status":"open","ping_status":"closed","template":"","meta":{"_joinchat":[],"footnotes":""},"class_list":["post-48","page","type-page","status-publish","hentry"],"_links":{"self":[{"href":"https:\/\/asoaliar.com\/index.php\/wp-json\/wp\/v2\/pages\/48","targetHints":{"allow":["GET"]}}],"collection":[{"href":"https:\/\/asoaliar.com\/index.php\/wp-json\/wp\/v2\/pages"}],"about":[{"href":"https:\/\/asoaliar.com\/index.php\/wp-json\/wp\/v2\/types\/page"}],"author":[{"embeddable":true,"href":"https:\/\/asoaliar.com\/index.php\/wp-json\/wp\/v2\/users\/1"}],"replies":[{"embeddable":true,"href":"https:\/\/asoaliar.com\/index.php\/wp-json\/wp\/v2\/comments?post=48"}],"version-history":[{"count":37,"href":"https:\/\/asoaliar.com\/index.php\/wp-json\/wp\/v2\/pages\/48\/revisions"}],"predecessor-version":[{"id":683,"href":"https:\/\/asoaliar.com\/index.php\/wp-json\/wp\/v2\/pages\/48\/revisions\/683"}],"wp:attachment":[{"href":"https:\/\/asoaliar.com\/index.php\/wp-json\/wp\/v2\/media?parent=48"}],"curies":[{"name":"wp","href":"https:\/\/api.w.org\/{rel}","templated":true}]}}